{"id":5927,"date":"2023-05-15T16:39:28","date_gmt":"2023-05-15T15:39:28","guid":{"rendered":"https:\/\/medicine.st-andrews.ac.uk\/tbtrials\/?page_id=5927"},"modified":"2026-03-11T15:40:19","modified_gmt":"2026-03-11T15:40:19","slug":"optirimoxtb","status":"publish","type":"page","link":"https:\/\/medicine.st-andrews.ac.uk\/tbtrials\/clinicaltrials\/optirimoxtb\/","title":{"rendered":"OptiRiMoxTB (New)"},"content":{"rendered":"<p>[et_pb_section fb_built=&#8221;1&#8243; admin_label=&#8221;OptiRiMox Section&#8221; _builder_version=&#8221;4.21.0&#8243; custom_margin=&#8221;150px||||false|false&#8221; global_colors_info=&#8221;{}&#8221;][et_pb_row _builder_version=&#8221;4.27.5&#8243; background_size=&#8221;initial&#8221; background_position=&#8221;top_left&#8221; background_repeat=&#8221;repeat&#8221; max_width=&#8221;none&#8221; global_colors_info=&#8221;{}&#8221;][et_pb_column type=&#8221;4_4&#8243; _builder_version=&#8221;4.16&#8243; custom_padding=&#8221;|||&#8221; global_colors_info=&#8221;{}&#8221; custom_padding__hover=&#8221;|||&#8221;][et_pb_text admin_label=&#8221;OptiRiMox&#8221; _builder_version=&#8221;4.27.4&#8243; background_size=&#8221;initial&#8221; background_position=&#8221;top_left&#8221; background_repeat=&#8221;repeat&#8221; custom_margin=&#8221;||-3px|||&#8221; global_colors_info=&#8221;{}&#8221;]<\/p>\n<h1>OptiRiMoxTB (<em>New<\/em>)<\/h1>\n<p>[\/et_pb_text][\/et_pb_column][\/et_pb_row][et_pb_row column_structure=&#8221;2_3,1_3&#8243; _builder_version=&#8221;4.27.5&#8243; background_size=&#8221;initial&#8221; background_position=&#8221;top_left&#8221; background_repeat=&#8221;repeat&#8221; max_width=&#8221;none&#8221; global_colors_info=&#8221;{}&#8221;][et_pb_column type=&#8221;2_3&#8243; _builder_version=&#8221;4.16&#8243; custom_padding=&#8221;|||&#8221; global_colors_info=&#8221;{}&#8221; custom_padding__hover=&#8221;|||&#8221;][et_pb_text _builder_version=&#8221;4.27.5&#8243; _module_preset=&#8221;default&#8221; global_colors_info=&#8221;{}&#8221;]<\/p>\n<p>This study is part of the\u00a0 capacity development programme within <a href=\"https:\/\/medicine.st-andrews.ac.uk\/tbtrials\/clinicaltrials\/simplicitb\/\">SimpliciTB<\/a>, and is sponsored and led by KIDH, Tanzania, managed by St Andrews, supported by<a href=\"https:\/\/www.ucl.ac.uk\/\"> UCL<\/a> and<a href=\"https:\/\/www.ru.nl\/en\"> Radboud UMC<\/a>.\u00a0 It is a pragmatic trial with optimized dose of rifampicin and moxifloxacin for the treatment of drug susceptible pulmonary tuberculosis (DS-TB) in primary care facilities in Blantyre, Malawi and across three other African countries namely Gabon, Mozambique, and Tanzania.<\/p>\n<p>The trial is led by Kibong&#8217;oto Infectious Disease Hospital KIDH in Tanzania who are working with the <a href=\"https:\/\/medicine.st-andrews.ac.uk\/tbtrials\/clinicaltrials\/\">University of St Andrews<\/a>, Kamuzu University of Health Sciences <a href=\"https:\/\/www.kuhes.ac.mw\/\">KUHeS<\/a>, Malawi, Centre de Recherches M\u00e9dicales de Lambar\u00e9n\u00e9 <a href=\"https:\/\/www.cermel.org\/\">CERMEL<\/a>, Gabon and Instituto Nacionale De Sa\u00fade <a href=\"https:\/\/ins.gov.mz\/\">INS<\/a>, Mozambique.<\/p>\n<p>OptiRiMoxTB will establish whether a 4-month therapy based on rifampicin (35mg\/kg) +\/- Moxifloxacin (400 mg) is non-inferior to conventional 6-month DS-TB therapy.<\/p>\n<p>The OptiRiMox study emerges from longstanding UStAn collaborations in Africa and our programme of tuberculosis drug development.<\/p>\n<p>OptiRiMoxTB is funded by European &amp; Developing Countries Clinical trials Partnership <a href=\"https:\/\/www.edctp.org\/\">EDCTP<\/a> and is part of a larger International clinical trial, <a href=\"https:\/\/medicine.st-andrews.ac.uk\/tbtrials\/clinicaltrials\/simplicitb\/\">SimpliciTB<\/a> that provided funding for capacity development; objectives to extend and strengthen network of African clinical trial sites.\u00a0 The University of St Andrews is coordinating and providing mentorship to the 4 recruiting sites in four countries, KIDH (Tanzania), <a href=\"https:\/\/www.cermel.org\/\">CERMEL<\/a> (Gabon), <a href=\"https:\/\/www.kuhes.ac.mw\/\">KUHeS<\/a> (Malawi) and<a href=\"https:\/\/ins.gov.mz\/\"> INS<\/a> (Mozambique), along with Internationally experienced partners \u00a0<a href=\"https:\/\/www.tballiance.org\/\">TBAlliance<\/a>, <a href=\"https:\/\/www.ru.nl\/en\">Radboud<\/a>, <a href=\"https:\/\/www.ucl.ac.uk\/\">UCL<\/a>, <a href=\"https:\/\/www.task.org.za\/\">TASK<\/a>, <a href=\"http:\/\/www.nimr-mmrc.org\/\">NIMRMbeya<\/a>.<\/p>\n<p>The OptiRiMoxTB study will use the UStAn innovation: the <a href=\"https:\/\/medicine.st-andrews.ac.uk\/tbtrials\/tb-mbla\/\">TB-Molecular Bacterial Load Assay tool<\/a> in the trial to measure treatment response.\u00a0 This assay measures the number of TB bacteria in a patient sample in a matter of hours and monitors the effectiveness of medicine in killing the bacteria as treatment progresses and will be the used in the Trial.<\/p>\n<p>Infrastructure support and a newly developed framework to measure and evaluate <a href=\"https:\/\/medicine.st-andrews.ac.uk\/tbtrials\/community-engagement\/\">community engagement<\/a> will also be used in the trial.<\/p>\n<p>Tuberculosis causes about a million deaths every year. To change this and save lives, new tools, especially better treatments, are required.\u00a0 Tuberculosis is preventable and treatable!<\/p>\n<p>[\/et_pb_text][\/et_pb_column][et_pb_column type=&#8221;1_3&#8243; _builder_version=&#8221;4.27.5&#8243; _module_preset=&#8221;default&#8221; global_colors_info=&#8221;{}&#8221;][et_pb_image src=&#8221;https:\/\/medicine.st-andrews.ac.uk\/tbtrials\/wp-content\/uploads\/sites\/50\/2026\/03\/OptiRiMox-Chart-for-Website.png&#8221; title_text=&#8221;OptiRiMox-Chart-for-Website&#8221; admin_label=&#8221;Image&#8221; _builder_version=&#8221;4.27.5&#8243; _module_preset=&#8221;default&#8221; global_colors_info=&#8221;{}&#8221;][\/et_pb_image][\/et_pb_column][\/et_pb_row][et_pb_row _builder_version=&#8221;4.27.5&#8243; _module_preset=&#8221;default&#8221; max_width=&#8221;none&#8221; global_colors_info=&#8221;{}&#8221;][et_pb_column type=&#8221;4_4&#8243; _builder_version=&#8221;4.27.5&#8243; _module_preset=&#8221;default&#8221; global_colors_info=&#8221;{}&#8221;][et_pb_divider _builder_version=&#8221;4.27.5&#8243; _module_preset=&#8221;default&#8221; global_colors_info=&#8221;{}&#8221;][\/et_pb_divider][et_pb_text _builder_version=&#8221;4.27.5&#8243; _module_preset=&#8221;default&#8221; global_colors_info=&#8221;{}&#8221;]<\/p>\n<h1>Team<\/h1>\n<p>[\/et_pb_text][\/et_pb_column][\/et_pb_row][et_pb_row column_structure=&#8221;1_4,1_4,1_4,1_4&#8243; make_equal=&#8221;on&#8221; _builder_version=&#8221;4.27.5&#8243; _module_preset=&#8221;default&#8221; max_width=&#8221;none&#8221; hover_enabled=&#8221;0&#8243; global_colors_info=&#8221;{}&#8221; sticky_enabled=&#8221;0&#8243;][et_pb_column type=&#8221;1_4&#8243; _builder_version=&#8221;4.27.5&#8243; _module_preset=&#8221;default&#8221; hover_enabled=&#8221;0&#8243; global_colors_info=&#8221;{}&#8221; sticky_enabled=&#8221;0&#8243;][et_pb_image src=&#8221;https:\/\/medicine.st-andrews.ac.uk\/tbtrials\/wp-content\/uploads\/sites\/50\/2026\/03\/TZM0405_Stellah-Mpagama.png&#8221; title_text=&#8221;TZM0405_Stellah-Mpagama&#8221; _builder_version=&#8221;4.27.5&#8243; _module_preset=&#8221;default&#8221; max_width=&#8221;160px&#8221; custom_margin=&#8221;||||false|false&#8221; hover_enabled=&#8221;0&#8243; border_radii=&#8221;on|150px|150px|150px|150px&#8221; global_colors_info=&#8221;{}&#8221; align=&#8221;center&#8221; sticky_enabled=&#8221;0&#8243;][\/et_pb_image][et_pb_text _builder_version=&#8221;4.27.5&#8243; _module_preset=&#8221;default&#8221; custom_margin=&#8221;-10px|10px|10px|10px|false|false&#8221; custom_padding=&#8221;||||false|false&#8221; hover_enabled=&#8221;0&#8243; global_colors_info=&#8221;{}&#8221; sticky_enabled=&#8221;0&#8243;]<\/p>\n<p style=\"text-align: center;\">Prof.Stella Mpagama, Principal Investigator<\/p>\n<p style=\"text-align: center;\">Senior EDCTP Fellow and honorary member of staff at the University of St Andrews<\/p>\n<p>[\/et_pb_text][\/et_pb_column][et_pb_column type=&#8221;1_4&#8243; _builder_version=&#8221;4.27.0&#8243; _module_preset=&#8221;default&#8221; global_colors_info=&#8221;{}&#8221;][et_pb_image src=&#8221;https:\/\/medicine.st-andrews.ac.uk\/tbtrials\/wp-content\/uploads\/sites\/50\/2026\/03\/Alphonce-2-scaled.png&#8221; title_text=&#8221;Alphonce-2&#8243; _builder_version=&#8221;4.27.5&#8243; _module_preset=&#8221;default&#8221; max_width=&#8221;160px&#8221; custom_margin=&#8221;||||false|false&#8221; border_radii=&#8221;on|150px|150px|150px|150px&#8221; global_colors_info=&#8221;{}&#8221; sticky_enabled=&#8221;0&#8243; align=&#8221;center&#8221;][\/et_pb_image][et_pb_text _builder_version=&#8221;4.27.5&#8243; _module_preset=&#8221;default&#8221; hover_enabled=&#8221;0&#8243; global_colors_info=&#8221;{}&#8221; sticky_enabled=&#8221;0&#8243;]<\/p>\n<p style=\"text-align: center;\">Dr Alphonce Liyoyo,\u00a0Research Manager and Head of Clinical Trial Operations<\/p>\n<p style=\"text-align: center;\">Kibong&#8217;oto Infectious Disease Hospital<\/p>\n<p>[\/et_pb_text][\/et_pb_column][et_pb_column type=&#8221;1_4&#8243; _builder_version=&#8221;4.27.0&#8243; _module_preset=&#8221;default&#8221; global_colors_info=&#8221;{}&#8221;][\/et_pb_column][et_pb_column type=&#8221;1_4&#8243; _builder_version=&#8221;4.27.0&#8243; _module_preset=&#8221;default&#8221; global_colors_info=&#8221;{}&#8221;][\/et_pb_column][\/et_pb_row][\/et_pb_section]<\/p>\n","protected":false},"excerpt":{"rendered":"<p>OptiRiMoxTB (New)This study is part of the\u00a0 capacity development programme within SimpliciTB, and is sponsored and led by KIDH, Tanzania, managed by St Andrews, supported by UCL and Radboud UMC.\u00a0 It is a pragmatic trial with optimized dose of rifampicin and moxifloxacin for the treatment of drug susceptible pulmonary tuberculosis (DS-TB) in primary care facilities [&hellip;]<\/p>\n","protected":false},"author":159,"featured_media":0,"parent":3571,"menu_order":0,"comment_status":"closed","ping_status":"closed","template":"","meta":{"_et_pb_use_builder":"on","_et_pb_old_content":"<p>This study is part of the\u00a0 capacity development programme within <a href=\"https:\/\/medicine.st-andrews.ac.uk\/tbtrials\/clinicaltrials\/\">SimpliciTB<\/a>, and is sponsored and led by <a href=\"https:\/\/www.lhl.no\/en\/lhl-international\/partners\/kibongoto-infectious-disease-hospital\/\">KIDH<\/a>, Tanzania, managed by St Andrews, supported by<a href=\"https:\/\/www.ucl.ac.uk\/\"> UCL<\/a> and<a href=\"https:\/\/www.radboudumc.nl\/patientenzorg\"> Radboud UMC<\/a>.\u00a0 It is a pragmatic trial with optimized dose of rifampicin and moxifloxacin for the treatment of drug susceptible pulmonary tuberculosis (DS-TB) in primary care facilities in Blantyre, Malawi and across three other African countries namely Gabon, Mozambique, and Tanzania.<\/p>","_et_gb_content_width":"","_monsterinsights_skip_tracking":false,"_monsterinsights_sitenote_active":false,"_monsterinsights_sitenote_note":"","_monsterinsights_sitenote_category":0,"footnotes":""},"class_list":["post-5927","page","type-page","status-publish","hentry"],"publishpress_future_action":{"enabled":false,"date":"2026-04-15 11:18:24","action":"change-status","newStatus":"draft","terms":[],"taxonomy":"","extraData":[]},"publishpress_future_workflow_manual_trigger":{"enabledWorkflows":[]},"_links":{"self":[{"href":"https:\/\/medicine.st-andrews.ac.uk\/tbtrials\/wp-json\/wp\/v2\/pages\/5927","targetHints":{"allow":["GET"]}}],"collection":[{"href":"https:\/\/medicine.st-andrews.ac.uk\/tbtrials\/wp-json\/wp\/v2\/pages"}],"about":[{"href":"https:\/\/medicine.st-andrews.ac.uk\/tbtrials\/wp-json\/wp\/v2\/types\/page"}],"author":[{"embeddable":true,"href":"https:\/\/medicine.st-andrews.ac.uk\/tbtrials\/wp-json\/wp\/v2\/users\/159"}],"replies":[{"embeddable":true,"href":"https:\/\/medicine.st-andrews.ac.uk\/tbtrials\/wp-json\/wp\/v2\/comments?post=5927"}],"version-history":[{"count":3,"href":"https:\/\/medicine.st-andrews.ac.uk\/tbtrials\/wp-json\/wp\/v2\/pages\/5927\/revisions"}],"predecessor-version":[{"id":7026,"href":"https:\/\/medicine.st-andrews.ac.uk\/tbtrials\/wp-json\/wp\/v2\/pages\/5927\/revisions\/7026"}],"up":[{"embeddable":true,"href":"https:\/\/medicine.st-andrews.ac.uk\/tbtrials\/wp-json\/wp\/v2\/pages\/3571"}],"wp:attachment":[{"href":"https:\/\/medicine.st-andrews.ac.uk\/tbtrials\/wp-json\/wp\/v2\/media?parent=5927"}],"curies":[{"name":"wp","href":"https:\/\/api.w.org\/{rel}","templated":true}]}}